{"id":1369,"date":"2025-10-29T13:46:26","date_gmt":"2025-10-29T12:46:26","guid":{"rendered":"https:\/\/gros.si\/?post_type=product&#038;p=1369"},"modified":"2026-02-25T13:46:36","modified_gmt":"2026-02-25T12:46:36","slug":"mixtron-mobilni-el-mesalnik-krmil","status":"publish","type":"product","link":"https:\/\/gros.si\/en\/trgovina\/elektricni-mobilni-mesalnik-krmil\/mixtron-mobilni-el-mesalnik-krmil\/","title":{"rendered":"MIXTRON, mobilni el. me\u0161alnik krmil"},"content":{"rendered":"<p>NOVI vertikalni elektri\u010dni mobilni me\u0161alnik za krmo je idealna re\u0161itev za kmetije, ki potrebujejo kompaktno, takoj\u0161njo mo\u010d brez potrebe po zunanjih traktorjih ali hidravliki.<\/p><p><\/p><p>Popolnoma integriran elektrohidravli\u010dni pogon: Stroj ima integriran elektrohidravli\u010dni sistem. Elektromotor poganja hidravli\u010dno \u010drpalko, ki nato poganja tako me\u0161alni pol\u017e kot pogonski sistem. Ta samostojen sistem pomeni: Traktor ni potreben. Inteligentna avtomatizacija PLC zagotavlja varnej\u0161e delovanje.<\/p><p>Modeli Mixtron: 3 m\u00b3, 4 m\u00b3 in 5 m\u00b3<\/p><p>Osnovni stroj vklju\u010duje avtomatizacijo PLC, avtomatske zavore, avtomatski hidravli\u010dni sistemo in hidravli\u010dno izpustno loputo.<\/p><p>DODATNA OPREMA<br>&#8211; Avtomatski elektri\u010dni kolut za cevi (10 m, 20 m, 30 m, 40m)<br>&#8211; Izpustni transportni trak<br>&#8211; Nakladalnik <br>&#8211; Tehtnica (KG)<\/p><p>Za dodatne informacije o cenah, dodatnih popustih ali tehni\u010dnih specifikacijah nas kontaktirajte.<\/p><p><\/p><p>Samohodni me\u0161alnik za krmo Mixtron je opremljen s sodobnim avtomatiziranim sistemom PLC, ki omogo\u010da enostavno in varno upravljanje. Zagon z enim dotikom: Z enim samim pritiskom na gumb se stroj za\u010dne gladko in u\u010dinkovito premikati. Avtomatska varnostna zavora: Takoj ko upravljavec spusti ro\u010dico, se zavora samodejno aktivira, kar zagotavlja maksimalno varnost v vsaki situaciji. Inteligentna logika krmiljenja: Sistem PLC nenehno spremlja vnos upravljavca in delovanje stroja, kar zagotavlja odzivno upravljanje in zanesljivo za\u0161\u010dito. Ta napredni avtomatizacijski sistem ne le zmanj\u0161uje utrujenost upravljavca, temve\u010d zagotavlja tudi natan\u010dnost, varnost in zanesljivost med vsakim postopkom hranjenja.<\/p><figure class=\"wp-block-video\"><video height=\"1920\" style=\"aspect-ratio: 1080 \/ 1920;\" width=\"1080\" controls src=\"https:\/\/gros.si\/wp-content\/uploads\/2025\/10\/VID_20260218_115241.mp4\"><\/video><\/figure><p>TEHNI\u010cNA SPECIFIKACIJA<\/p><p><\/p><figure class=\"wp-block-image size-full\"><img loading=\"lazy\" decoding=\"async\" width=\"667\" height=\"548\" src=\"https:\/\/gros.si\/wp-content\/uploads\/2025\/10\/image-2.png\" alt=\"\" class=\"wp-image-1390\" srcset=\"https:\/\/gros.si\/wp-content\/uploads\/2025\/10\/image-2.png 667w, https:\/\/gros.si\/wp-content\/uploads\/2025\/10\/image-2-600x493.png 600w, https:\/\/gros.si\/wp-content\/uploads\/2025\/10\/image-2-200x164.png 200w\" sizes=\"auto, (max-width: 667px) 100vw, 667px\" \/><\/figure><p>DIMENZIJE STROJA<\/p><figure class=\"wp-block-image size-full\"><img loading=\"lazy\" decoding=\"async\" width=\"722\" height=\"573\" src=\"https:\/\/gros.si\/wp-content\/uploads\/2025\/10\/image-1.png\" alt=\"\" class=\"wp-image-1388\" srcset=\"https:\/\/gros.si\/wp-content\/uploads\/2025\/10\/image-1.png 722w, https:\/\/gros.si\/wp-content\/uploads\/2025\/10\/image-1-600x476.png 600w, https:\/\/gros.si\/wp-content\/uploads\/2025\/10\/image-1-200x159.png 200w\" sizes=\"auto, (max-width: 722px) 100vw, 722px\" \/><\/figure><figure class=\"wp-block-video\"><video height=\"576\" style=\"aspect-ratio: 1024 \/ 576;\" width=\"1024\" controls src=\"https:\/\/gros.si\/wp-content\/uploads\/2025\/10\/ccf0b8a7-80cb-4d67-8d6c-b092f8d38942.mp4\"><\/video><\/figure><p><\/p>","protected":false},"excerpt":{"rendered":"<p>NOVI vertikalni elektri\u010dni mobilni me\u0161alnik za krmo je idealna re\u0161itev za kmetije, ki potrebujejo kompaktno, takoj\u0161njo mo\u010d brez potrebe po zunanjih traktorjih ali hidravliki. Popolnoma integriran elektrohidravli\u010dni pogon: Stroj ima integriran elektrohidravli\u010dni sistem. Elektromotor poganja hidravli\u010dno \u010drpalko, ki nato poganja tako me\u0161alni pol\u017e kot pogonski sistem. Ta samostojen sistem pomeni: Traktor ni potreben. Inteligentna avtomatizacija [&hellip;]<\/p>\n","protected":false},"featured_media":1370,"template":"","meta":[],"product_brand":[],"product_cat":[72],"product_tag":[],"class_list":{"0":"post-1369","1":"product","2":"type-product","3":"status-publish","4":"has-post-thumbnail","6":"product_cat-elektricni-mobilni-mesalnik-krmil","8":"first","9":"instock","10":"shipping-taxable","11":"product-type-simple"},"_links":{"self":[{"href":"https:\/\/gros.si\/en\/wp-json\/wp\/v2\/product\/1369","targetHints":{"allow":["GET"]}}],"collection":[{"href":"https:\/\/gros.si\/en\/wp-json\/wp\/v2\/product"}],"about":[{"href":"https:\/\/gros.si\/en\/wp-json\/wp\/v2\/types\/product"}],"wp:featuredmedia":[{"embeddable":true,"href":"https:\/\/gros.si\/en\/wp-json\/wp\/v2\/media\/1370"}],"wp:attachment":[{"href":"https:\/\/gros.si\/en\/wp-json\/wp\/v2\/media?parent=1369"}],"wp:term":[{"taxonomy":"product_brand","embeddable":true,"href":"https:\/\/gros.si\/en\/wp-json\/wp\/v2\/product_brand?post=1369"},{"taxonomy":"product_cat","embeddable":true,"href":"https:\/\/gros.si\/en\/wp-json\/wp\/v2\/product_cat?post=1369"},{"taxonomy":"product_tag","embeddable":true,"href":"https:\/\/gros.si\/en\/wp-json\/wp\/v2\/product_tag?post=1369"}],"curies":[{"name":"wp","href":"https:\/\/api.w.org\/{rel}","templated":true}]}}